{"id":521,"date":"2023-02-01T10:04:33","date_gmt":"2023-02-01T09:04:33","guid":{"rendered":"https:\/\/www.dyna-mix.at\/datenschutzerklaerung\/"},"modified":"2023-03-28T08:02:22","modified_gmt":"2023-03-28T06:02:22","slug":"privacy-policy","status":"publish","type":"page","link":"https:\/\/www.dyna-mix.at\/en\/privacy-policy\/","title":{"rendered":"Privacy Policy"},"content":{"rendered":"<p>[et_pb_section fb_built=&#8221;1&#8243; _builder_version=&#8221;4.19.2&#8243; _module_preset=&#8221;default&#8221; background_color=&#8221;rgba(5,0,81,0.89)&#8221; background_enable_image=&#8221;off&#8221; background_blend=&#8221;multiply&#8221; global_colors_info=&#8221;{}&#8221;][et_pb_row _builder_version=&#8221;4.19.2&#8243; _module_preset=&#8221;default&#8221; custom_margin=&#8221;-5px|auto||auto||&#8221; global_colors_info=&#8221;{}&#8221;][et_pb_column type=&#8221;4_4&#8243; _builder_version=&#8221;4.19.2&#8243; _module_preset=&#8221;default&#8221; global_colors_info=&#8221;{}&#8221;][et_pb_text _builder_version=&#8221;4.19.2&#8243; _module_preset=&#8221;default&#8221; header_3_font=&#8221;vera||||||||&#8221; header_3_text_color=&#8221;#FFFFFF&#8221; header_4_font=&#8221;Abel||||||||&#8221; header_4_text_color=&#8221;#FFFFFF&#8221; header_4_font_size=&#8221;24px&#8221; header_5_font=&#8221;vera||||||||&#8221; header_5_text_color=&#8221;#FFFFFF&#8221; header_5_font_size=&#8221;19px&#8221; global_colors_info=&#8221;{}&#8221;]<\/p>\n<h4>\u00a0<\/h4>\n<p><span style=\"font-size: 24pt; color: #ffffff;\">Privacy Policy<\/span><\/p>\n<div id=\"main-content\">\n<div class=\"container\">\n<div id=\"content-area\" class=\"clearfix\">\n<div id=\"left-area\">\n<article id=\"post-3\" class=\"post-3 page type-page status-publish hentry\">\n<div class=\"entry-content\">\n<p class=\"p2\"><span style=\"color: #ffffff;\"><b>1. Preamble 1.1 <\/b>This privacy policy describes how DYNA-MIX GmbH (hereinafter also referred to as \u201cDYNA-MIX\u201d for short), registered in the commercial register of the Linz Regional Court under FN 593314 x with its registered office in Wilhering and its business address at Gartenstra\u00dfe 48a, 4073 Wilhering, Austria, processes personal data.<span class=\"Apple-converted-space\">\u00a0<\/span><\/span><\/p>\n<p class=\"p2\"><span style=\"color: #ffffff;\"><b>1.2 <\/b>DYNA-MIX treats the entrusted data confidentially and handles it responsibly. DYNA-MIX observes the applicable legal regulations for the protection, lawful handling and non-disclosure of personal data, as well as for data security, in particular the Austrian Data Protection Act (hereinafter referred to as \u201c<b>DSG<\/b>\u201d), the EU General Data Protection Regulation (hereinafter referred to as \u201c<b>GDPR<\/b>\u201d) as well as the Austrian Telecommunications Act (hereinafter referred to as \u201c<b>TKG<\/b>\u201d). This notice provides information on the type, scope and purpose of data collection and use.<span class=\"Apple-converted-space\">\u00a0<\/span><\/span><\/p>\n<p class=\"p2\"><span style=\"color: #ffffff;\"><b>1.3 <\/b>Only such personal data is processed that is required for the implementation and processing of the services we offer or that has been provided voluntarily to us.<span class=\"Apple-converted-space\">\u00a0<\/span><\/span><\/p>\n<p class=\"p3\"><span style=\"color: #ffffff;\"><b>1.4 <\/b>Personal data is any information relating to an identified or identifiable individual; an identifiable individual is one who can be identified by reference to an identifier such as a name, address, e-mail address, telephone number etc.<span class=\"Apple-converted-space\">\u00a0<\/span><\/span><\/p>\n<p class=\"p2\"><span style=\"color: #ffffff;\"><b>2. Collection of data 2.1 <\/b>DYNA-MIX collects data in the context of the provision of services via input\/notification by contracting parties.<span class=\"Apple-converted-space\">\u00a0<\/span><\/span><\/p>\n<p class=\"p3\"><span style=\"color: #ffffff;\"><b>2.2 <\/b>The data which DYNA-MIX collects via input\/notification by the contracting party can be the following data: <b>2.2.1 <\/b>Input\/notification within the context of contract initiation and\/or contract fulfilment:<span class=\"Apple-converted-space\">\u00a0<\/span><\/span><\/p>\n<ol class=\"ol1\">\n<li class=\"li5\"><span style=\"color: #ffffff;\">(i) First name<span class=\"Apple-converted-space\">\u00a0<\/span><\/span><\/li>\n<li class=\"li5\"><span style=\"color: #ffffff;\">(ii) Surname<span class=\"Apple-converted-space\">\u00a0<\/span><\/span><\/li>\n<li class=\"li5\"><span style=\"color: #ffffff;\">(iii) Companies\u2019 register number<span class=\"Apple-converted-space\">\u00a0<\/span><\/span><\/li>\n<li class=\"li5\"><span style=\"color: #ffffff;\">(iv) Address<span class=\"Apple-converted-space\">\u00a0<\/span><\/span><\/li>\n<li class=\"li5\"><span style=\"color: #ffffff;\">(v) E-mail address<span class=\"Apple-converted-space\">\u00a0<\/span><\/span><\/li>\n<li class=\"li5\"><span style=\"color: #ffffff;\">(vi) Phone number<span class=\"Apple-converted-space\">\u00a0<\/span><\/span><\/li>\n<li class=\"li5\"><span style=\"color: #ffffff;\">(vii) Customer number<span class=\"Apple-converted-space\">\u00a0<\/span><\/span><\/li>\n<li class=\"li3\"><span style=\"color: #ffffff;\">(viii) Contract data<span class=\"Apple-converted-space\">\u00a0<\/span><\/span><\/li>\n<\/ol>\n<ol class=\"ol1\">\n<li class=\"li3\"><span style=\"color: #ffffff;\"><b>2.2.2 <\/b>Collection in the course of visiting the website:<span class=\"Apple-converted-space\">\u00a0<\/span><\/span><\/li>\n<li class=\"li4\">\u00a0<\/li>\n<\/ol>\n<ol class=\"ol2\">\n<li class=\"li6\"><span style=\"color: #ffffff;\">(i) IP address<span class=\"Apple-converted-space\">\u00a0<\/span><\/span><\/li>\n<li class=\"li6\"><span style=\"color: #ffffff;\">(ii) Date and time of access<span class=\"Apple-converted-space\">\u00a0<\/span><\/span><\/li>\n<li class=\"li6\"><span style=\"color: #ffffff;\">(iii) Name and URL of the file accessed<span class=\"Apple-converted-space\">\u00a0<\/span><\/span><\/li>\n<li class=\"li6\"><span style=\"color: #ffffff;\">(iv) Referrer URL<span class=\"Apple-converted-space\">\u00a0<\/span><\/span><\/li>\n<li class=\"li3\"><span style=\"color: #ffffff;\">(v) Browser and operating system as well as the name of the access provider <b>2.3 <\/b>The list is exemplary. Not all of the listed data is collected in all cases.<span class=\"Apple-converted-space\">\u00a0<\/span><\/span><\/li>\n<li class=\"li4\">\u00a0<\/li>\n<\/ol>\n<p class=\"p2\"><span style=\"color: #ffffff;\"><b>3. Purpose and legal basis of the processing 3.1 <\/b>The data specified under section 2 is processed for the following purposes: <b>3.1.1 <\/b>Contract initiation and contract fulfilment: we require the data in order to be able to handle our obligation towards our contracting parties to our fullest satisfaction. The collection of the data also serves a smooth connection to our website and convenient use of our website.<span class=\"Apple-converted-space\">\u00a0<\/span><\/span><\/p>\n<p class=\"p2\"><span style=\"color: #ffffff;\"><b>3.1.2 <\/b>Fulfilment of a legal obligation: processing of the data may be necessary for the purpose of fulfilling various legal obligations arising, for example, from the Federal Fiscal Code (BAO).<span class=\"Apple-converted-space\">\u00a0<\/span><\/span><\/p>\n<p class=\"p2\"><span style=\"color: #ffffff;\"><b>3.1.3 <\/b>Safeguarding legitimate interests: we have a legitimate interest in advertising our range of services \u2013 in particular in the form of newsletters.<span class=\"Apple-converted-space\">\u00a0<\/span><\/span><\/p>\n<p class=\"p3\"><span style=\"color: #ffffff;\"><b>3.1.4 <\/b>Consent: if consent has been given to process the data, processing will only take place in accordance with the purposes and to the extent agreed in the declaration of consent.<span class=\"Apple-converted-space\">\u00a0<\/span><\/span><\/p>\n<p class=\"p3\"><span style=\"color: #ffffff;\"><b>3.2 <\/b>The list is exemplary. Not all of the stated processing purposes are fulfilled in all cases.<span class=\"Apple-converted-space\">\u00a0<\/span><\/span><\/p>\n<p class=\"p2\"><span style=\"color: #ffffff;\"><b>4. Transfer of your personal data 4.1 <\/b>The data provided by you will only be passed on or transferred to third parties if this is necessary for the purpose of processing the contract or for invoicing purposes.<span class=\"Apple-converted-space\">\u00a0<\/span><\/span><\/p>\n<p class=\"p2\"><span style=\"color: #ffffff;\"><b>4.2 <\/b>For the purposes mentioned under section 2 we will transfer your personal data to the following recipients: <b>4.2.1 <\/b>IT service providers used by us<span class=\"Apple-converted-space\">\u00a0<\/span><\/span><\/p>\n<p class=\"p2\"><span style=\"color: #ffffff;\"><b>4.2.2 <\/b>Contracting parties<span class=\"Apple-converted-space\">\u00a0<\/span><\/span><\/p>\n<p class=\"p2\"><span style=\"color: #ffffff;\"><b>4.2.3 <\/b>Tax consultants and auditors<span class=\"Apple-converted-space\">\u00a0<\/span><\/span><\/p>\n<p class=\"p3\"><span style=\"color: #ffffff;\"><b>4.2.4 <\/b>Legal representatives<span class=\"Apple-converted-space\">\u00a0<\/span><\/span><\/p>\n<p class=\"p7\"><span style=\"color: #ffffff;\"><b>4.2.5 <\/b>Courts<span class=\"Apple-converted-space\">\u00a0<\/span><\/span><\/p>\n<p class=\"p7\"><span style=\"color: #ffffff;\"><b>4.2.6 <\/b>Relevant administrative authorities<span class=\"Apple-converted-space\">\u00a0<\/span><\/span><\/p>\n<p class=\"p7\"><span style=\"color: #ffffff;\"><b>4.2.7 <\/b>Collection agencies<span class=\"Apple-converted-space\">\u00a0<\/span><\/span><\/p>\n<p class=\"p3\"><span style=\"color: #ffffff;\"><b>4.2.8 <\/b>Insurance companies<span class=\"Apple-converted-space\">\u00a0<\/span><\/span><\/p>\n<p class=\"p3\"><span style=\"color: #ffffff;\"><b>4.3 <\/b>Personal data will only be transferred to third countries in the EU or the EEA if an adequacy decision has been taken by the European Commission for these countries or appropriate safeguards for the protection of personal data have been provided by concluding a legally binding document.<span class=\"Apple-converted-space\">\u00a0<\/span><\/span><\/p>\n<p class=\"p3\"><span style=\"color: #ffffff;\"><b>5. Storage period<span class=\"Apple-converted-space\">\u00a0<\/span><\/b><\/span><\/p>\n<p class=\"p3\"><span style=\"color: #ffffff;\">The personal data will be stored and kept by DYNA-MIX only as long as reasonably deemed necessary by us to achieve the purposes mentioned under section 3 and as permitted by applicable law. In any case, we store the personal data for as long as statutory retention obligations exist or the limitation periods of potential legal claims have not yet expired. If processing is based on consent, the data will be stored until consent is revoked.<span class=\"Apple-converted-space\">\u00a0<\/span><\/span><\/p>\n<p class=\"p2\"><span style=\"color: #ffffff;\"><b>6. Cookies 6.1 <\/b>We use so-called \u201ccookies\u201d on our website <b>www.dyna-mix.at<\/b>. Cookies are text files that are stored on the computer. The use of cookies enables us to analyse the use of the website in order to facilitate and optimise the use of the website and make it more user-friendly.<span class=\"Apple-converted-space\">\u00a0<\/span><\/span><\/p>\n<p class=\"p3\"><span style=\"color: #ffffff;\"><b>6.2 <\/b>It is possible to adjust browser settings accordingly so that cookies are rejected and their storage is prevented or cookies that have already been stored are deleted. In the event of cookies being blocked or deleted, we would like to point out that it may no longer be possible to use all the functions of the website in their entirety.<span class=\"Apple-converted-space\">\u00a0<\/span><\/span><\/p>\n<p class=\"p2\"><span style=\"color: #ffffff;\"><b>7. Use of the contact form 7.1 <\/b>When the contact form on our website <b>www.dyna-mix.at <\/b>is used, the information from the enquiry form, including the contact data provided there, is stored for the purpose of processing the enquiry. The data is entered voluntarily on the basis of consent.<span class=\"Apple-converted-space\">\u00a0<\/span><\/span><\/p>\n<p class=\"p3\"><span style=\"color: #ffffff;\"><b>7.2 <\/b>This consent can be revoked at any time without giving reasons by sending an e-mail to office@dyna-mix.at. The revocation does not affect the lawfulness of the processing until the time of revocation.<span class=\"Apple-converted-space\">\u00a0<\/span><\/span><\/p>\n<p class=\"p3\"><span style=\"color: #ffffff;\"><b>8. Data security 8.1 <\/b>The collected personal data according to section 2 of this privacy policy is<span class=\"Apple-converted-space\">\u00a0<\/span><\/span><\/p>\n<p class=\"p3\"><span style=\"color: #ffffff;\">protected by DYNA-MIX in the best possible way against unauthorised access, unauthorised use or publication by third parties.<span class=\"Apple-converted-space\">\u00a0<\/span><\/span><\/p>\n<p class=\"p3\"><span style=\"color: #ffffff;\"><b>9. Your rights in connection with personal data 9.1 <\/b>As a data subject whose personal data is processed, you are entitled, among other things:<span class=\"Apple-converted-space\">\u00a0<\/span><\/span><\/p>\n<ol class=\"ol2\">\n<li class=\"li3\"><span style=\"color: #ffffff;\">(i) to check whether and what personal data we have stored about you and to obtain copies of that data;<span class=\"Apple-converted-space\">\u00a0<\/span><\/span><\/li>\n<\/ol>\n<ol class=\"ol1\">\n<li class=\"li3\"><span style=\"color: #ffffff;\">(ii) to request the correction, completion or deletion of your personal data that is inaccurate or not processed in accordance with the law;<span class=\"Apple-converted-space\">\u00a0<\/span><\/span><\/li>\n<\/ol>\n<ol class=\"ol1\">\n<li class=\"li3\"><span style=\"color: #ffffff;\">(iii) to require us to restrict the processing of your personal data;<span class=\"Apple-converted-space\">\u00a0<\/span><\/span><\/li>\n<\/ol>\n<ol class=\"ol1\">\n<li class=\"li3\"><span style=\"color: #ffffff;\">(iv) to object to the processing of your personal data in certain circumstances;<span class=\"Apple-converted-space\">\u00a0<\/span><\/span><\/li>\n<\/ol>\n<ol class=\"ol1\">\n<li class=\"li3\"><span style=\"color: #ffffff;\">(v) to request data portability;<span class=\"Apple-converted-space\">\u00a0<\/span><\/span><\/li>\n<\/ol>\n<ol class=\"ol1\">\n<li class=\"li3\"><span style=\"color: #ffffff;\">(vi) to know the identity of third parties to whom your personal data is transferred and<span class=\"Apple-converted-space\">\u00a0<\/span><\/span><\/li>\n<\/ol>\n<ol class=\"ol1\">\n<li class=\"li3\"><span style=\"color: #ffffff;\">(vii) to lodge a complaint with the authorities responsible. <b>9.2 <\/b>The data protection authority has subject-matter jurisdiction over requests concerning infringement of the rights of access, infringement of the rights to confidentiality, correction or deletion.<span class=\"Apple-converted-space\">\u00a0<\/span><\/span><\/li>\n<li class=\"li4\">\u00a0<\/li>\n<\/ol>\n<p class=\"p2\"><span style=\"color: #ffffff;\"><b>10. Modification of the privacy policy 10.1 <\/b>DYNA-MIX reserves the right to amend or change this privacy policy.<span class=\"Apple-converted-space\">\u00a0<\/span><\/span><\/p>\n<p class=\"p2\"><span style=\"color: #ffffff;\"><b>10.2 <\/b>DYNA-MIX informs the contracting party in good time by e-mail about changes to the privacy policy.<span class=\"Apple-converted-space\">\u00a0<\/span><\/span><\/p>\n<p class=\"p2\"><span style=\"color: #ffffff;\"><b>10.3 <\/b>In case of a contradiction between this privacy policy and the respective supplementary regulations, the supplementary regulations have priority in the individual case.<span class=\"Apple-converted-space\">\u00a0<\/span><\/span><\/p>\n<p class=\"p3\"><span style=\"color: #ffffff;\"><b>10.4 <\/b>The privacy policy in the respective valid version applies. This is available on the website <b>www.dyna-mix.at<\/b>.<span class=\"Apple-converted-space\">\u00a0<\/span><\/span><\/p>\n<p class=\"p3\"><span style=\"color: #ffffff;\"><b>11. Our contact data<span class=\"Apple-converted-space\">\u00a0<\/span><\/b><\/span><\/p>\n<p class=\"p3\"><span style=\"color: #ffffff;\">If you have any questions or concerns regarding the processing of your personal data, please contact us at the following address:<span class=\"Apple-converted-space\">\u00a0<\/span><\/span><\/p>\n<p class=\"p3\"><span style=\"color: #ffffff;\"><b>DYNA-MIX GmbH<span class=\"Apple-converted-space\">\u00a0<\/span><\/b><\/span><\/p>\n<p class=\"p3\"><span style=\"color: #ffffff;\"><b>FN 593314 x<span class=\"Apple-converted-space\">\u00a0<\/span><\/b><\/span><\/p>\n<p class=\"p3\"><span style=\"color: #ffffff;\"><b>Gartenstra\u00dfe 48a<span class=\"Apple-converted-space\">\u00a0<\/span><\/b><\/span><\/p>\n<p class=\"p3\"><span style=\"color: #ffffff;\"><b>A-4073 Wilhering<span class=\"Apple-converted-space\">\u00a0<\/span><\/b><\/span><\/p>\n<p class=\"p3\"><span style=\"color: #ffffff;\"><b>office@dyna-mix.at<span class=\"Apple-converted-space\">\u00a0<\/span><\/b><\/span><\/p>\n<\/div>\n<\/article>\n<\/div>\n<\/div>\n<\/div>\n<\/div>\n<p>[\/et_pb_text][\/et_pb_column][\/et_pb_row][\/et_pb_section][et_pb_section fb_built=&#8221;1&#8243; _builder_version=&#8221;4.19.2&#8243; _module_preset=&#8221;default&#8221; background_color=&#8221;#ba4b0b&#8221; global_colors_info=&#8221;{}&#8221; global_module=&#8221;571&#8243; theme_builder_area=&#8221;post_content&#8221;][et_pb_row _builder_version=&#8221;4.19.2&#8243; _module_preset=&#8221;default&#8221; global_colors_info=&#8221;{}&#8221; theme_builder_area=&#8221;post_content&#8221;][et_pb_column type=&#8221;4_4&#8243; _builder_version=&#8221;4.19.2&#8243; _module_preset=&#8221;default&#8221; global_colors_info=&#8221;{}&#8221; theme_builder_area=&#8221;post_content&#8221;][et_pb_text _builder_version=&#8221;4.19.2&#8243; _module_preset=&#8221;default&#8221; text_font=&#8221;|||on|||||&#8221; text_text_color=&#8221;#FFFFFF&#8221; text_font_size=&#8221;15px&#8221; link_font=&#8221;vera|||on|||||&#8221; link_text_color=&#8221;#FFFFFF&#8221; link_font_size=&#8221;15px&#8221; global_colors_info=&#8221;{}&#8221; theme_builder_area=&#8221;post_content&#8221;]<\/p>\n<p style=\"text-align: center;\"><img loading=\"lazy\" decoding=\"async\" src=\"https:\/\/www.dyna-mix.at\/wp-content\/uploads\/2023\/02\/Dyna-Mix-Logo-web-weiss-300x56.png\" width=\"113\" height=\"21\" alt=\"\" class=\"wp-image-26 alignnone size-medium\" \/><\/p>\n<p style=\"text-align: center;\"><a href=\"https:\/\/www.dyna-mix.at\/en\/\">Welcome<\/a><\/p>\n<p style=\"text-align: center;\"><a href=\"https:\/\/www.dyna-mix.at\/en\/imprint\/\">Imprint<\/a><\/p>\n<p style=\"text-align: center;\"><a href=\"https:\/\/www.dyna-mix.at\/en\/privacy-policy\/\">Privacy Policy<\/a><\/p>\n<p style=\"text-align: center;\"><a href=\"https:\/\/www.dyna-mix.at\/en\/terms\/\">Terms &amp; Conditions<\/a><\/p>\n<p>[\/et_pb_text][\/et_pb_column][\/et_pb_row][\/et_pb_section]<\/p>\n","protected":false},"excerpt":{"rendered":"<p>\u00a0 Privacy Policy 1. Preamble 1.1 This privacy policy describes how DYNA-MIX GmbH (hereinafter also referred to as \u201cDYNA-MIX\u201d for short), registered in the commercial register of the Linz Regional Court under FN 593314 x with its registered office in Wilhering and its business address at Gartenstra\u00dfe 48a, 4073 Wilhering, Austria, processes personal data.\u00a0 1.2 [&hellip;]<\/p>\n","protected":false},"author":1,"featured_media":0,"parent":0,"menu_order":0,"comment_status":"closed","ping_status":"open","template":"page-template-blank.php","meta":{"_et_pb_use_builder":"on","_et_pb_old_content":"<!-- wp:heading -->\r\n<h2>Wer wir sind<\/h2>\r\n<!-- \/wp:heading --><!-- wp:paragraph -->\r\n<p><strong class=\"privacy-policy-tutorial\">Textvorschlag: <\/strong>Die Adresse unserer Website ist: https:\/\/www.dyna-mix.at.<\/p>\r\n<!-- \/wp:paragraph --><!-- wp:heading -->\r\n<h2>Kommentare<\/h2>\r\n<!-- \/wp:heading --><!-- wp:paragraph -->\r\n<p><strong class=\"privacy-policy-tutorial\">Textvorschlag: <\/strong>Wenn Besucher Kommentare auf der Website schreiben, sammeln wir die Daten, die im Kommentar-Formular angezeigt werden, au\u00dferdem die IP-Adresse des Besuchers und den User-Agent-String (damit wird der Browser identifiziert), um die Erkennung von Spam zu unterst\u00fctzen.<\/p>\r\n<!-- \/wp:paragraph --><!-- wp:paragraph -->\r\n<p>Aus deiner E-Mail-Adresse kann eine anonymisierte Zeichenfolge erstellt (auch Hash genannt) und dem Gravatar-Dienst \u00fcbergeben werden, um zu pr\u00fcfen, ob du diesen benutzt. Die Datenschutzerkl\u00e4rung des Gravatar-Dienstes findest du hier: https:\/\/automattic.com\/privacy\/. Nachdem dein Kommentar freigegeben wurde, ist dein Profilbild \u00f6ffentlich im Kontext deines Kommentars sichtbar.<\/p>\r\n<!-- \/wp:paragraph --><!-- wp:heading -->\r\n<h2>Medien<\/h2>\r\n<!-- \/wp:heading --><!-- wp:paragraph -->\r\n<p><strong class=\"privacy-policy-tutorial\">Textvorschlag: <\/strong>Wenn du ein registrierter Benutzer bist und Fotos auf diese Website l\u00e4dst, solltest du vermeiden, Fotos mit einem EXIF-GPS-Standort hochzuladen. Besucher dieser Website k\u00f6nnten Fotos, die auf dieser Website gespeichert sind, herunterladen und deren Standort-Informationen extrahieren.<\/p>\r\n<!-- \/wp:paragraph --><!-- wp:heading -->\r\n<h2>Cookies<\/h2>\r\n<!-- \/wp:heading --><!-- wp:paragraph -->\r\n<p><strong class=\"privacy-policy-tutorial\">Textvorschlag: <\/strong>Wenn du einen Kommentar auf unserer Website schreibst, kann das eine Einwilligung sein, deinen Namen, E-Mail-Adresse und Website in Cookies zu speichern. Dies ist eine Komfortfunktion, damit du nicht, wenn du einen weiteren Kommentar schreibst, all diese Daten erneut eingeben musst. Diese Cookies werden ein Jahr lang gespeichert.<\/p>\r\n<!-- \/wp:paragraph --><!-- wp:paragraph -->\r\n<p>Falls du ein Konto hast und dich auf dieser Website anmeldest, werden wir ein tempor\u00e4res Cookie setzen, um festzustellen, ob dein Browser Cookies akzeptiert. Dieses Cookie enth\u00e4lt keine personenbezogenen Daten und wird verworfen, wenn du deinen Browser schlie\u00dft.<\/p>\r\n<!-- \/wp:paragraph --><!-- wp:paragraph -->\r\n<p>Wenn du dich anmeldest, werden wir einige Cookies einrichten, um deine Anmeldeinformationen und Anzeigeoptionen zu speichern. Anmelde-Cookies verfallen nach zwei Tagen und Cookies f\u00fcr die Anzeigeoptionen nach einem Jahr. Falls du bei der Anmeldung \u201eAngemeldet bleiben\u201c ausw\u00e4hlst, wird deine Anmeldung zwei Wochen lang aufrechterhalten. Mit der Abmeldung aus deinem Konto werden die Anmelde-Cookies gel\u00f6scht.<\/p>\r\n<!-- \/wp:paragraph --><!-- wp:paragraph -->\r\n<p>Wenn du einen Artikel bearbeitest oder ver\u00f6ffentlichst, wird ein zus\u00e4tzlicher Cookie in deinem Browser gespeichert. Dieser Cookie enth\u00e4lt keine personenbezogenen Daten und verweist nur auf die Beitrags-ID des Artikels, den du gerade bearbeitet hast. Der Cookie verf\u00e4llt nach einem Tag.<\/p>\r\n<!-- \/wp:paragraph --><!-- wp:heading -->\r\n<h2>Eingebettete Inhalte von anderen Websites<\/h2>\r\n<!-- \/wp:heading --><!-- wp:paragraph -->\r\n<p><strong class=\"privacy-policy-tutorial\">Textvorschlag: <\/strong>Beitr\u00e4ge auf dieser Website k\u00f6nnen eingebettete Inhalte beinhalten (z.\u00a0B. Videos, Bilder, Beitr\u00e4ge etc.). Eingebettete Inhalte von anderen Websites verhalten sich exakt so, als ob der Besucher die andere Website besucht h\u00e4tte.<\/p>\r\n<!-- \/wp:paragraph --><!-- wp:paragraph -->\r\n<p>Diese Websites k\u00f6nnen Daten \u00fcber dich sammeln, Cookies benutzen, zus\u00e4tzliche Tracking-Dienste von Dritten einbetten und deine Interaktion mit diesem eingebetteten Inhalt aufzeichnen, inklusive deiner Interaktion mit dem eingebetteten Inhalt, falls du ein Konto hast und auf dieser Website angemeldet bist.<\/p>\r\n<!-- \/wp:paragraph --><!-- wp:heading -->\r\n<h2>Mit wem wir deine Daten teilen<\/h2>\r\n<!-- \/wp:heading --><!-- wp:paragraph -->\r\n<p><strong class=\"privacy-policy-tutorial\">Textvorschlag: <\/strong>Wenn du eine Zur\u00fccksetzung des Passworts beantragst, wird deine IP-Adresse in der E-Mail zur Zur\u00fccksetzung enthalten sein.<\/p>\r\n<!-- \/wp:paragraph --><!-- wp:heading -->\r\n<h2>Wie lange wir deine Daten speichern<\/h2>\r\n<!-- \/wp:heading --><!-- wp:paragraph -->\r\n<p><strong class=\"privacy-policy-tutorial\">Textvorschlag: <\/strong>Wenn du einen Kommentar schreibst, wird dieser inklusive Metadaten zeitlich unbegrenzt gespeichert. Auf diese Art k\u00f6nnen wir Folgekommentare automatisch erkennen und freigeben, anstatt sie in einer Moderations-Warteschlange festzuhalten.<\/p>\r\n<!-- \/wp:paragraph --><!-- wp:paragraph -->\r\n<p>F\u00fcr Benutzer, die sich auf unserer Website registrieren, speichern wir zus\u00e4tzlich die pers\u00f6nlichen Informationen, die sie in ihren Benutzerprofilen angeben. Alle Benutzer k\u00f6nnen jederzeit ihre pers\u00f6nlichen Informationen einsehen, ver\u00e4ndern oder l\u00f6schen (der Benutzername kann nicht ver\u00e4ndert werden). Administratoren der Website k\u00f6nnen diese Informationen ebenfalls einsehen und ver\u00e4ndern.<\/p>\r\n<!-- \/wp:paragraph --><!-- wp:heading -->\r\n<h2>Welche Rechte du an deinen Daten hast<\/h2>\r\n<!-- \/wp:heading --><!-- wp:paragraph -->\r\n<p><strong class=\"privacy-policy-tutorial\">Textvorschlag: <\/strong>Wenn du ein Konto auf dieser Website besitzt oder Kommentare geschrieben hast, kannst du einen Export deiner personenbezogenen Daten bei uns anfordern, inklusive aller Daten, die du uns mitgeteilt hast. Dar\u00fcber hinaus kannst du die L\u00f6schung aller personenbezogenen Daten, die wir von dir gespeichert haben, anfordern. Dies umfasst nicht die Daten, die wir aufgrund administrativer, rechtlicher oder sicherheitsrelevanter Notwendigkeiten aufbewahren m\u00fcssen.<\/p>\r\n<!-- \/wp:paragraph --><!-- wp:heading -->\r\n<h2>Wohin deine Daten gesendet werden<\/h2>\r\n<!-- \/wp:heading --><!-- wp:paragraph -->\r\n<p><strong class=\"privacy-policy-tutorial\">Textvorschlag: <\/strong>Besucher-Kommentare k\u00f6nnten von einem automatisierten Dienst zur Spam-Erkennung untersucht werden.<\/p>\r\n<!-- \/wp:paragraph -->","_et_gb_content_width":"","footnotes":""},"class_list":["post-521","page","type-page","status-publish","hentry"],"_links":{"self":[{"href":"https:\/\/www.dyna-mix.at\/en\/wp-json\/wp\/v2\/pages\/521","targetHints":{"allow":["GET"]}}],"collection":[{"href":"https:\/\/www.dyna-mix.at\/en\/wp-json\/wp\/v2\/pages"}],"about":[{"href":"https:\/\/www.dyna-mix.at\/en\/wp-json\/wp\/v2\/types\/page"}],"author":[{"embeddable":true,"href":"https:\/\/www.dyna-mix.at\/en\/wp-json\/wp\/v2\/users\/1"}],"replies":[{"embeddable":true,"href":"https:\/\/www.dyna-mix.at\/en\/wp-json\/wp\/v2\/comments?post=521"}],"version-history":[{"count":5,"href":"https:\/\/www.dyna-mix.at\/en\/wp-json\/wp\/v2\/pages\/521\/revisions"}],"predecessor-version":[{"id":574,"href":"https:\/\/www.dyna-mix.at\/en\/wp-json\/wp\/v2\/pages\/521\/revisions\/574"}],"wp:attachment":[{"href":"https:\/\/www.dyna-mix.at\/en\/wp-json\/wp\/v2\/media?parent=521"}],"curies":[{"name":"wp","href":"https:\/\/api.w.org\/{rel}","templated":true}]}}